{"id":49,"date":"2019-12-13T15:20:47","date_gmt":"2019-12-13T15:20:47","guid":{"rendered":"http:\/\/wolontariatbullerbyn.pl\/?page_id=49"},"modified":"2025-11-27T12:31:00","modified_gmt":"2025-11-27T12:31:00","slug":"zgloszenia","status":"publish","type":"page","link":"https:\/\/wolontariatbullerbyn.pl\/?page_id=49","title":{"rendered":"Zg\u0142oszenia"},"content":{"rendered":"\n<h3>Kogo zapraszamy do projektu?<\/h3>\n\n\n\n<p>Szukamy os\u00f3b, kt\u00f3re:<\/p>\n\n\n\n<ul><li>maj\u0105 min. 16 lat (min. rocznik 2010)*<\/li><li>nie boj\u0105 si\u0119 pracy i podejmuj\u0105 wyzwania<\/li><li>lubi\u0105 namiotowe \u017cycie, nie panikuj\u0105 na widok owad\u00f3w i ch\u0119tnie zamieni\u0105 miejskie wygody na kontakt z przyrod\u0105<\/li><li>lubi\u0105 dzieci i traktuj\u0105 je z szacunkiem&nbsp;<\/li><li>wezm\u0105&nbsp;udzia\u0142 w szkoleniach w czerwcu (obowi\u0105zkowe dla os\u00f3b nowych)<\/li><li>posiadaj\u0105<strong>&nbsp;orzeczenie lekarskie do cel\u00f3w sanitarno-epidemiologicznych&nbsp;(lub&nbsp;ksi\u0105\u017ceczk\u0119 do cel\u00f3w sanitarno-epidemiologicznych) albo gotowe s\u0105 zrobi\u0107 badania i wyrobi\u0107 sobie orzeczenie do czasu wyjazdu na turnus<\/strong>**<\/li><\/ul>\n\n\n\n<p>* w przypadku os\u00f3b niepe\u0142noletnich &nbsp;wymagana jest zgoda rodzic\u00f3w<br>** zwracamy koszty badania po przed\u0142o\u017ceniu prawid\u0142owo wystawionej faktury na dane Fundacji Bullerbyn<\/p>\n\n\n\n<h3>Jak si\u0119 zg\u0142osi\u0107?<\/h3>\n\n\n\n<ul><li>Wype\u0142nij zg\u0142oszenie &#8211; formularz jest poni\u017cej.<\/li><li>Napisz w uwagach, je\u017celi chcia\u0142by\u015b pojecha\u0107 na wi\u0119cej ni\u017c jeden turnus.&nbsp;<\/li><li>Po wype\u0142nieniu formularza zg\u0142oszeniowego spodziewaj si\u0119 kontaktu z naszej strony. W przypadku os\u00f3b niepe\u0142noletnich, b\u0119dziemy si\u0119 tak\u017ce kontaktowa\u0107 z rodzicem.<\/li><li><strong>Uwaga <\/strong>&#8211;  Fundacja zastrzega sobie prawo do kontaktu z wybranymi osobami. <\/li><li>Liczba miejsc jest ograniczona. <\/li><li>Lista rezerwowa&nbsp;\u2013 je\u017celi zapiszesz si\u0119 na turnus, na kt\u00f3rym ju\u017c nie ma miejsc to wpiszemy Ci\u0119 na list\u0119 rezerwow\u0105 i odezwiemy si\u0119 gdy ewentualnie jakie\u015b miejsce si\u0119 zwolni. <\/li><\/ul>\n\n\n\n<div style=\"height:30px\" aria-hidden=\"true\" class=\"wp-block-spacer\"><\/div>\n\n\n\n<h3>Formularz zg\u0142oszeniowy na wakacje 2026<\/h3>\n\n\n\n<iframe width=\"1200px\" height=\"480px\" src=\"https:\/\/forms.office.com\/r\/G8WE25UXq3?embed=true\" frameborder=\"0\" marginwidth=\"0\" marginheight=\"0\" style=\"border: none; max-width:100%; max-height:100vh\" allowfullscreen webkitallowfullscreen mozallowfullscreen msallowfullscreen> <\/iframe>\n","protected":false},"excerpt":{"rendered":"<p>Kogo zapraszamy do projektu? Szukamy os\u00f3b, kt\u00f3re: maj\u0105 min. 16 lat (min. rocznik 2010)* nie boj\u0105 si\u0119 pracy i podejmuj\u0105 wyzwania lubi\u0105 namiotowe \u017cycie, nie panikuj\u0105 na widok owad\u00f3w i ch\u0119tnie zamieni\u0105 miejskie wygody na kontakt z przyrod\u0105 lubi\u0105 dzieci i traktuj\u0105 je z szacunkiem&nbsp; wezm\u0105&nbsp;udzia\u0142 w szkoleniach w czerwcu (obowi\u0105zkowe dla os\u00f3b nowych) posiadaj\u0105&nbsp;orzeczenie [&hellip;]<\/p>\n","protected":false},"author":1,"featured_media":0,"parent":0,"menu_order":0,"comment_status":"closed","ping_status":"closed","template":"","meta":{"spay_email":""},"_links":{"self":[{"href":"https:\/\/wolontariatbullerbyn.pl\/index.php?rest_route=\/wp\/v2\/pages\/49"}],"collection":[{"href":"https:\/\/wolontariatbullerbyn.pl\/index.php?rest_route=\/wp\/v2\/pages"}],"about":[{"href":"https:\/\/wolontariatbullerbyn.pl\/index.php?rest_route=\/wp\/v2\/types\/page"}],"author":[{"embeddable":true,"href":"https:\/\/wolontariatbullerbyn.pl\/index.php?rest_route=\/wp\/v2\/users\/1"}],"replies":[{"embeddable":true,"href":"https:\/\/wolontariatbullerbyn.pl\/index.php?rest_route=%2Fwp%2Fv2%2Fcomments&post=49"}],"version-history":[{"count":31,"href":"https:\/\/wolontariatbullerbyn.pl\/index.php?rest_route=\/wp\/v2\/pages\/49\/revisions"}],"predecessor-version":[{"id":781,"href":"https:\/\/wolontariatbullerbyn.pl\/index.php?rest_route=\/wp\/v2\/pages\/49\/revisions\/781"}],"wp:attachment":[{"href":"https:\/\/wolontariatbullerbyn.pl\/index.php?rest_route=%2Fwp%2Fv2%2Fmedia&parent=49"}],"curies":[{"name":"wp","href":"https:\/\/api.w.org\/{rel}","templated":true}]}}