{"id":46,"date":"2019-12-13T15:18:51","date_gmt":"2019-12-13T15:18:51","guid":{"rendered":"http:\/\/wolontariatbullerbyn.pl\/?page_id=46"},"modified":"2023-10-24T11:47:27","modified_gmt":"2023-10-24T11:47:27","slug":"zadania-wolontariuszy","status":"publish","type":"page","link":"https:\/\/wolontariatbullerbyn.pl\/?page_id=46","title":{"rendered":"Zadania wolontariuszy"},"content":{"rendered":"\n<p>Na ka\u017cdy turnus zapraszamy 11-13 os\u00f3b. Cz\u0119\u015b\u0107 wolontariuszy dzia\u0142a w ramach<strong>&nbsp;zespo\u0142u kwatermistrzowskiego<\/strong>&nbsp;(10-12 os\u00f3b), cz\u0119\u015b\u0107&nbsp;<strong>&nbsp;zajmuje si\u0119 fotografowaniem obozowego \u017cycia<\/strong>&nbsp;(1-2 osoby).&nbsp; Dodatkowo wszyscy pe\u0142ni\u0105 nocne warty. Oczywi\u015bcie nie ka\u017cdej nocy.<br>Nie wszystko si\u0119 da przewidzie\u0107, dlatego wolontariusze r\u00f3wnie\u017c wspieraj\u0105 nas w r\u00f3\u017cnych, nieprzewidzianych sytuacjach.&nbsp;<br>Zobacz poni\u017cej, jakie zadania maj\u0105 nasi wolontariusze:<\/p>\n\n\n\n<div style=\"height:30px\" aria-hidden=\"true\" class=\"wp-block-spacer\"><\/div>\n\n\n\n<div class=\"wp-block-columns\">\n<div class=\"wp-block-column\">\n<h3>Zadania wolontariuszy w zespole kwatermistrzowskim:<\/h3>\n\n\n\n<p>Wolontariusze w zespole kwatermistrzowskim przede wszystkim dzia\u0142aj\u0105 w kuchni i jadalni. Ka\u017cdego dnia ustalaj\u0105 wachty &#8211; czyli planuj\u0105 kto b\u0119dzie pracowa\u0107 przy \u015bniadaniu, kto podczas obiadu a kto zajmie si\u0119 kolacj\u0105. Wolontariusze nie musz\u0105 mie\u0107 do\u015bwiadczenia, ale wa\u017cna jest ch\u0119\u0107 do pracy zespo\u0142owej. <br>Wachta w kuchni to:<\/p>\n\n\n\n<ul><li>przygotowywanie jadalni do posi\u0142k\u00f3w (rozstawianie naczy\u0144 i jedzenia),<\/li><li>wydawanie dzieciom posi\u0142k\u00f3w, <\/li><li>dbanie o porz\u0105dek w jadalni i kuchni, <\/li><li>zmywanie naczy\u0144 po posi\u0142kach,<\/li><li>wyparzanie kubeczk\u00f3w, z kt\u00f3rych dzieci pij\u0105 wod\u0119 w ci\u0105gu dnia.<\/li><\/ul>\n<\/div>\n\n\n\n<div class=\"wp-block-column is-vertically-aligned-center\">\n<div class=\"wp-block-image\"><figure class=\"aligncenter size-large\"><img loading=\"lazy\" width=\"1024\" height=\"682\" src=\"http:\/\/wolontariatbullerbyn.pl\/wp-content\/uploads\/2019\/12\/IMG_0753-1_Easy-Resize.com_-1024x682.jpg\" alt=\"\" class=\"wp-image-111\" srcset=\"https:\/\/wolontariatbullerbyn.pl\/wp-content\/uploads\/2019\/12\/IMG_0753-1_Easy-Resize.com_-1024x682.jpg 1024w, https:\/\/wolontariatbullerbyn.pl\/wp-content\/uploads\/2019\/12\/IMG_0753-1_Easy-Resize.com_-300x200.jpg 300w, https:\/\/wolontariatbullerbyn.pl\/wp-content\/uploads\/2019\/12\/IMG_0753-1_Easy-Resize.com_-768x512.jpg 768w, https:\/\/wolontariatbullerbyn.pl\/wp-content\/uploads\/2019\/12\/IMG_0753-1_Easy-Resize.com_.jpg 1280w\" sizes=\"(max-width: 1024px) 100vw, 1024px\" \/><\/figure><\/div>\n<\/div>\n<\/div>\n\n\n\n<div class=\"wp-block-columns are-vertically-aligned-center\">\n<div class=\"wp-block-column is-vertically-aligned-center\">\n<div class=\"wp-block-image\"><figure class=\"aligncenter size-large\"><img loading=\"lazy\" width=\"1024\" height=\"682\" src=\"http:\/\/wolontariatbullerbyn.pl\/wp-content\/uploads\/2019\/12\/IMG_1403_Easy-Resize.com_-1024x682.jpg\" alt=\"\" class=\"wp-image-114\" srcset=\"https:\/\/wolontariatbullerbyn.pl\/wp-content\/uploads\/2019\/12\/IMG_1403_Easy-Resize.com_-1024x682.jpg 1024w, https:\/\/wolontariatbullerbyn.pl\/wp-content\/uploads\/2019\/12\/IMG_1403_Easy-Resize.com_-300x200.jpg 300w, https:\/\/wolontariatbullerbyn.pl\/wp-content\/uploads\/2019\/12\/IMG_1403_Easy-Resize.com_-768x512.jpg 768w, https:\/\/wolontariatbullerbyn.pl\/wp-content\/uploads\/2019\/12\/IMG_1403_Easy-Resize.com_.jpg 1280w\" sizes=\"(max-width: 1024px) 100vw, 1024px\" \/><\/figure><\/div>\n<\/div>\n\n\n\n<div class=\"wp-block-column is-vertically-aligned-center\">\n<h3>Zadania wolontariusza fotografa:<\/h3>\n\n\n\n<p>Wolontariusz fotograf to osoba, kt\u00f3ra ma do\u015bwiadczenie w fotografii ale nadal chce si\u0119 rozwija\u0107.&nbsp;Posiada w\u0142asny sprz\u0119t foto, umie uchwyci\u0107 fajne momenty na zdj\u0119ciach ale te\u017c potrafi dokona\u0107 selekcji zdj\u0119\u0107 i wybra\u0107 te rzeczywi\u015bcie najciekawsze. <\/p>\n\n\n\n<p>Wolo-fotograf kr\u0105\u017cy po Wiosce z aparatem, jest zawsze tam gdzie si\u0119 co\u015b dzieje. Mo\u017ce te\u017c si\u0119 um\u00f3wi\u0107 z wychowawcami konkretnej grupy i sp\u0119dzi\u0107 z ni\u0105 d\u0142u\u017cszy czas, fotografuj\u0105c grupowe przedstawienie czy wycieczk\u0119 nad rzeczk\u0119.<\/p>\n\n\n\n<p>Wieczorem Wolo-fotograf przegl\u0105da zrobione danego dnia zdj\u0119cia i najlepsze przygotowuje do opublikowania w galerii google udost\u0119pnianej rodzicom. <strong>Ka\u017cdego dnia powinien dostarczy\u0107 minimum 100 zdj\u0119\u0107 (ju\u017c po przejrzeniu).<\/strong><\/p>\n\n\n\n<p>Wolontariariusz-fotograf jest tak\u017ce odpowiedzialny za zrobienie zdj\u0119\u0107 rzeczy znalezionych po zako\u0144czonym turnusie. <\/p>\n\n\n\n<p>W przypadku tej funkcji wa\u017cna jest smyka\u0142ka do robienia fajnych zdj\u0119\u0107, ch\u0119\u0107 kontaktu z dzie\u0107mi oraz zapa\u0142 do kilkukrotnego chodzenia po Wiosce i poza ni\u0105 ka\u017cdego dnia.<\/p>\n<\/div>\n<\/div>\n\n\n\n<div class=\"wp-block-columns\">\n<div class=\"wp-block-column\">\n<h3>Nocne warty<\/h3>\n\n\n\n<p>W Wiosce Bullerbyn o 21.30 jest cisza nocna. Dzieci ju\u017c le\u017c\u0105 w \u0142\u00f3\u017ceczkach, niekt\u00f3re \u015bpi\u0105, inne jeszcze czytaj\u0105 ksi\u0105\u017ck\u0119.  Wychowawcy powoli zbieraj\u0105 si\u0119 w g\u0142\u00f3wnym domu. Podczas zebrania zespo\u0142u oraz superwizji nad dzie\u0107mi czuwaj\u0105 wolontariusze. Nas\u0142uchuj\u0105 czy w namiotach wszystko jest w porz\u0105dku, uciszaj\u0105 rozgadanych i biegn\u0105 po wychowawc\u0119 zawsze, gdy jest taka potrzeba.<br>Z ka\u017cd\u0105 minut\u0105 jest coraz ciszej. Wioska Bullerbyn zasypia&#8230;<br><br>Warta nocna trwa od godziny 21.30 do 1.00.  Wartuje 2-3 wolontariuszy.<\/p>\n<\/div>\n\n\n\n<div class=\"wp-block-column\">\n<figure class=\"wp-block-image size-large\"><img loading=\"lazy\" width=\"1024\" height=\"683\" src=\"http:\/\/wolontariatbullerbyn.pl\/wp-content\/uploads\/2019\/12\/SAM_7340-1024x683.jpg\" alt=\"\" class=\"wp-image-7\" srcset=\"https:\/\/wolontariatbullerbyn.pl\/wp-content\/uploads\/2019\/12\/SAM_7340-1024x683.jpg 1024w, https:\/\/wolontariatbullerbyn.pl\/wp-content\/uploads\/2019\/12\/SAM_7340-300x200.jpg 300w, https:\/\/wolontariatbullerbyn.pl\/wp-content\/uploads\/2019\/12\/SAM_7340-768x512.jpg 768w, https:\/\/wolontariatbullerbyn.pl\/wp-content\/uploads\/2019\/12\/SAM_7340-1536x1024.jpg 1536w, https:\/\/wolontariatbullerbyn.pl\/wp-content\/uploads\/2019\/12\/SAM_7340.jpg 2048w\" sizes=\"(max-width: 1024px) 100vw, 1024px\" \/><\/figure>\n<\/div>\n<\/div>\n\n\n\n<div class=\"wp-block-columns\">\n<div class=\"wp-block-column\">\n<figure class=\"wp-block-image size-large\"><img loading=\"lazy\" width=\"1024\" height=\"682\" src=\"http:\/\/wolontariatbullerbyn.pl\/wp-content\/uploads\/2019\/12\/K94B3958-kopia-1_Easy-Resize.com_-1024x682.jpg\" alt=\"\" class=\"wp-image-104\" srcset=\"https:\/\/wolontariatbullerbyn.pl\/wp-content\/uploads\/2019\/12\/K94B3958-kopia-1_Easy-Resize.com_-1024x682.jpg 1024w, https:\/\/wolontariatbullerbyn.pl\/wp-content\/uploads\/2019\/12\/K94B3958-kopia-1_Easy-Resize.com_-300x200.jpg 300w, https:\/\/wolontariatbullerbyn.pl\/wp-content\/uploads\/2019\/12\/K94B3958-kopia-1_Easy-Resize.com_-768x512.jpg 768w, https:\/\/wolontariatbullerbyn.pl\/wp-content\/uploads\/2019\/12\/K94B3958-kopia-1_Easy-Resize.com_.jpg 1280w\" sizes=\"(max-width: 1024px) 100vw, 1024px\" \/><\/figure>\n<\/div>\n\n\n\n<div class=\"wp-block-column\">\n<h3>Pomoc w organizacji gier terenowych<\/h3>\n\n\n\n<p>Gry terenowe w Bullerbyn pe\u0142ne s\u0105 bajkowych postaci, gro\u017anych stwor\u00f3w, czarodziejek, ksi\u0119\u017cniczek albo indian i kowboj\u00f3w. Wolontariusze mog\u0105 anga\u017cowa\u0107 si\u0119 zar\u00f3wno na etapie przygotowania do gry  jak i podczas jej przebiegu.<\/p>\n\n\n\n<h3>Kierowanie ruchem na parkingu<\/h3>\n\n\n\n<p>W dniu przyjazdu dzieci oraz odbioru dzieci do Wioski Bullerbyn ci\u0105gn\u0105 dziesi\u0105tki samochod\u00f3w. Rol\u0105 wolontariuszy (2-3 osoby) jest wtedy takie pokierowanie ruchem, aby ka\u017cdy znalaz\u0142 miejsce na zaparkowanie auta. Wolontariusze robi\u0105 to doskonale!<\/p>\n<\/div>\n<\/div>\n\n\n\n<h2>Inne prace&#8230;<\/h2>\n\n\n\n<p>W Wiosce Bullerbyn zawsze du\u017co si\u0119 dzieje i du\u017co jest do zrobienia. A to trzeba u\u0142o\u017cy\u0107 ksi\u0105\u017cki w biblioteczce, zrobi\u0107 obch\u00f3d terenu,  pomalowa\u0107 p\u0142otek czy przygotowa\u0107 biuro rzeczy znalezionych&#8230; Jeste\u015bmy ogromnie wdzi\u0119czni \u017ce zawsze mo\u017cemy liczy\u0107 na pomoc naszych Wolontariuszy!<\/p>\n\n\n\n<figure class=\"wp-block-image size-large is-style-default\"><img loading=\"lazy\" width=\"1024\" height=\"682\" src=\"http:\/\/wolontariatbullerbyn.pl\/wp-content\/uploads\/2019\/12\/K94B6575-kopia-1_Easy-Resize.com_-1024x682.jpg\" alt=\"\" class=\"wp-image-105\" srcset=\"https:\/\/wolontariatbullerbyn.pl\/wp-content\/uploads\/2019\/12\/K94B6575-kopia-1_Easy-Resize.com_-1024x682.jpg 1024w, https:\/\/wolontariatbullerbyn.pl\/wp-content\/uploads\/2019\/12\/K94B6575-kopia-1_Easy-Resize.com_-300x200.jpg 300w, https:\/\/wolontariatbullerbyn.pl\/wp-content\/uploads\/2019\/12\/K94B6575-kopia-1_Easy-Resize.com_-768x512.jpg 768w, https:\/\/wolontariatbullerbyn.pl\/wp-content\/uploads\/2019\/12\/K94B6575-kopia-1_Easy-Resize.com_.jpg 1280w\" sizes=\"(max-width: 1024px) 100vw, 1024px\" \/><\/figure>\n","protected":false},"excerpt":{"rendered":"<p>Na ka\u017cdy turnus zapraszamy 11-13 os\u00f3b. Cz\u0119\u015b\u0107 wolontariuszy dzia\u0142a w ramach&nbsp;zespo\u0142u kwatermistrzowskiego&nbsp;(10-12 os\u00f3b), cz\u0119\u015b\u0107&nbsp;&nbsp;zajmuje si\u0119 fotografowaniem obozowego \u017cycia&nbsp;(1-2 osoby).&nbsp; Dodatkowo wszyscy pe\u0142ni\u0105 nocne warty. Oczywi\u015bcie nie ka\u017cdej nocy.Nie wszystko si\u0119 da przewidzie\u0107, dlatego wolontariusze r\u00f3wnie\u017c wspieraj\u0105 nas w r\u00f3\u017cnych, nieprzewidzianych sytuacjach.&nbsp;Zobacz poni\u017cej, jakie zadania maj\u0105 nasi wolontariusze: Zadania wolontariuszy w zespole kwatermistrzowskim: Wolontariusze w zespole [&hellip;]<\/p>\n","protected":false},"author":1,"featured_media":0,"parent":0,"menu_order":0,"comment_status":"closed","ping_status":"closed","template":"","meta":{"spay_email":""},"_links":{"self":[{"href":"https:\/\/wolontariatbullerbyn.pl\/index.php?rest_route=\/wp\/v2\/pages\/46"}],"collection":[{"href":"https:\/\/wolontariatbullerbyn.pl\/index.php?rest_route=\/wp\/v2\/pages"}],"about":[{"href":"https:\/\/wolontariatbullerbyn.pl\/index.php?rest_route=\/wp\/v2\/types\/page"}],"author":[{"embeddable":true,"href":"https:\/\/wolontariatbullerbyn.pl\/index.php?rest_route=\/wp\/v2\/users\/1"}],"replies":[{"embeddable":true,"href":"https:\/\/wolontariatbullerbyn.pl\/index.php?rest_route=%2Fwp%2Fv2%2Fcomments&post=46"}],"version-history":[{"count":37,"href":"https:\/\/wolontariatbullerbyn.pl\/index.php?rest_route=\/wp\/v2\/pages\/46\/revisions"}],"predecessor-version":[{"id":685,"href":"https:\/\/wolontariatbullerbyn.pl\/index.php?rest_route=\/wp\/v2\/pages\/46\/revisions\/685"}],"wp:attachment":[{"href":"https:\/\/wolontariatbullerbyn.pl\/index.php?rest_route=%2Fwp%2Fv2%2Fmedia&parent=46"}],"curies":[{"name":"wp","href":"https:\/\/api.w.org\/{rel}","templated":true}]}}