{"id":287,"date":"2019-12-19T19:14:08","date_gmt":"2019-12-19T19:14:08","guid":{"rendered":"http:\/\/wolontariatbullerbyn.pl\/?page_id=287"},"modified":"2023-11-07T12:56:52","modified_gmt":"2023-11-07T12:56:52","slug":"zakwaterowanie-i-wyzywienie","status":"publish","type":"page","link":"https:\/\/wolontariatbullerbyn.pl\/?page_id=287","title":{"rendered":"Zakwaterowanie i wy\u017cywienie"},"content":{"rendered":"\n<div style=\"height:30px\" aria-hidden=\"true\" class=\"wp-block-spacer\"><\/div>\n\n\n\n<h2>Gdzie b\u0119dziemy mieszka\u0107?<\/h2>\n\n\n\n<div class=\"wp-block-columns\">\n<div class=\"wp-block-column\">\n<p>W Wiosce Bullerbyn jest specjalnie wydzielona cz\u0119\u015b\u0107 przeznaczona dla Wolontariuszy. Nazywamy j\u0105&#8230; Wolo-Hotelem.<br>W wolohotelu wolontariusze \u015bpi\u0105 w du\u017cych, czteroosobowych turystycznych namiotach. Tu tak\u017ce graj\u0105,  odpoczywaj\u0105 na hamakach, s\u0142uchaj\u0105 muzyki i spotykaj\u0105 si\u0119 z Wolomistrzem na zebraniach i kr\u0119gach.<\/p>\n<\/div>\n\n\n\n<div class=\"wp-block-column\">\n<figure class=\"wp-block-image size-large\"><img loading=\"lazy\" width=\"1024\" height=\"683\" src=\"http:\/\/wolontariatbullerbyn.pl\/wp-content\/uploads\/2023\/11\/IMG_0181-1024x683.jpg\" alt=\"\" class=\"wp-image-693\" srcset=\"https:\/\/wolontariatbullerbyn.pl\/wp-content\/uploads\/2023\/11\/IMG_0181-1024x683.jpg 1024w, https:\/\/wolontariatbullerbyn.pl\/wp-content\/uploads\/2023\/11\/IMG_0181-300x200.jpg 300w, https:\/\/wolontariatbullerbyn.pl\/wp-content\/uploads\/2023\/11\/IMG_0181-768x512.jpg 768w, https:\/\/wolontariatbullerbyn.pl\/wp-content\/uploads\/2023\/11\/IMG_0181.jpg 1353w\" sizes=\"(max-width: 1024px) 100vw, 1024px\" \/><\/figure>\n<\/div>\n<\/div>\n\n\n\n<div style=\"height:30px\" aria-hidden=\"true\" class=\"wp-block-spacer\"><\/div>\n\n\n\n<h2>Gdzie b\u0119dziemy si\u0119 my\u0107?<\/h2>\n\n\n\n<p>Wolontariusze, tak jak i dzieci z tipi, korzystaj\u0105 z polowych \u0142azienek. S\u0105 tam prysznice, umywalki i toalety. I zazwyczaj ciep\u0142a woda \ud83d\ude42<\/p>\n\n\n\n<div style=\"height:30px\" aria-hidden=\"true\" class=\"wp-block-spacer\"><\/div>\n\n\n\n<h2>Co b\u0119dziemy je\u015b\u0107?<\/h2>\n\n\n\n<p>W Wiosce Bullerbyn jest pi\u0119\u0107 posi\u0142k\u00f3w: \u015bniadanie, drugie \u015bniadanie (zazwyczaj dro\u017cd\u017c\u00f3wka), obiad, podwieczorek (zazwyczaj owoc lub jogurt), kolacja. <br> Staramy si\u0119 aby posi\u0142ki by\u0142y r\u00f3\u017cnorodne i ka\u017cdy m\u00f3g\u0142 wybra\u0107 to co lubi najbardziej.  Zapraszamy r\u00f3wnie\u017c osoby z dietami (wegetaria\u0144skimi, wega\u0144skimi) czy zdrowotnymi (bezmleczna, bezglutenowa) i innymi. <br> Jemy na dwie tury &#8211; wolontariusze oraz kadra administracyjna je w drugiej turze. <\/p>\n\n\n\n<p><br><\/p>\n","protected":false},"excerpt":{"rendered":"<p>Gdzie b\u0119dziemy mieszka\u0107? W Wiosce Bullerbyn jest specjalnie wydzielona cz\u0119\u015b\u0107 przeznaczona dla Wolontariuszy. Nazywamy j\u0105&#8230; Wolo-Hotelem.W wolohotelu wolontariusze \u015bpi\u0105 w du\u017cych, czteroosobowych turystycznych namiotach. Tu tak\u017ce graj\u0105, odpoczywaj\u0105 na hamakach, s\u0142uchaj\u0105 muzyki i spotykaj\u0105 si\u0119 z Wolomistrzem na zebraniach i kr\u0119gach. Gdzie b\u0119dziemy si\u0119 my\u0107? Wolontariusze, tak jak i dzieci z tipi, korzystaj\u0105 z polowych [&hellip;]<\/p>\n","protected":false},"author":1,"featured_media":0,"parent":0,"menu_order":0,"comment_status":"closed","ping_status":"closed","template":"","meta":{"spay_email":""},"_links":{"self":[{"href":"https:\/\/wolontariatbullerbyn.pl\/index.php?rest_route=\/wp\/v2\/pages\/287"}],"collection":[{"href":"https:\/\/wolontariatbullerbyn.pl\/index.php?rest_route=\/wp\/v2\/pages"}],"about":[{"href":"https:\/\/wolontariatbullerbyn.pl\/index.php?rest_route=\/wp\/v2\/types\/page"}],"author":[{"embeddable":true,"href":"https:\/\/wolontariatbullerbyn.pl\/index.php?rest_route=\/wp\/v2\/users\/1"}],"replies":[{"embeddable":true,"href":"https:\/\/wolontariatbullerbyn.pl\/index.php?rest_route=%2Fwp%2Fv2%2Fcomments&post=287"}],"version-history":[{"count":5,"href":"https:\/\/wolontariatbullerbyn.pl\/index.php?rest_route=\/wp\/v2\/pages\/287\/revisions"}],"predecessor-version":[{"id":695,"href":"https:\/\/wolontariatbullerbyn.pl\/index.php?rest_route=\/wp\/v2\/pages\/287\/revisions\/695"}],"wp:attachment":[{"href":"https:\/\/wolontariatbullerbyn.pl\/index.php?rest_route=%2Fwp%2Fv2%2Fmedia&parent=287"}],"curies":[{"name":"wp","href":"https:\/\/api.w.org\/{rel}","templated":true}]}}