{"id":284,"date":"2019-12-19T18:57:56","date_gmt":"2019-12-19T18:57:56","guid":{"rendered":"http:\/\/wolontariatbullerbyn.pl\/?page_id=284"},"modified":"2022-10-05T10:02:11","modified_gmt":"2022-10-05T10:02:11","slug":"co-ze-soba-zabrac","status":"publish","type":"page","link":"https:\/\/wolontariatbullerbyn.pl\/?page_id=284","title":{"rendered":"Co ze sob\u0105 zabra\u0107?"},"content":{"rendered":"\n<div class=\"wp-block-columns\">\n<div class=\"wp-block-column\">\n<h4>Do spania<\/h4>\n\n\n\n<ul><li>poduszka<\/li><li>\u015bpiw\u00f3r (ciep\u0142y)<\/li><li>koc<\/li><li>dres lub ciep\u0142a pi\u017cama<\/li><\/ul>\n\n\n\n<h4>Ubrania<\/h4>\n\n\n\n<ul><li>bielizna<\/li><li>kostium<\/li><li>t-shirty<\/li><li>bluza z d\u0142ugim r\u0119kawem<\/li><li>d\u0142ugie spodnie<\/li><li>kr\u00f3tkie spodenki<\/li><li>przeciws\u0142oneczne okrycie g\u0142owy (kapelusz, czapka z daszkiem)   <\/li><li>obuwie sportowe<\/li><li>sanda\u0142y <\/li><li><strong>na deszcz i na wart\u0119 nocn\u0105 w deszczu<\/strong>:<ul><li>kurtka<\/li><li>p\u0142aszcz przeciwdeszczowy albo harcerska pa\u0142atka<\/li><li>kalosze<\/li><li>parasol<\/li><li>bardzo ciep\u0142y sweter\/polar a najlepiej 2 aby mo\u017cna si\u0119 by\u0142o \u201cna cebul\u0119\u201d ubra\u0107<\/li><li>ciep\u0142a czapka <\/li><\/ul><\/li><\/ul>\n<\/div>\n\n\n\n<div class=\"wp-block-column\">\n<h4>Do mycia<\/h4>\n\n\n\n<ul><li>kosmetyki (p\u0142yn do k\u0105pieli, szampon, szczoteczka i pasta do z\u0119b\u00f3w, grzebie\u0144 lub szczotka do w\u0142os\u00f3w, szczoteczka do r\u0105k)<\/li><li>klapki pod prysznic<\/li><li>r\u0119czniki (najlepiej 1 du\u017cy i 1 ma\u0142y)<\/li><\/ul>\n\n\n\n<h4>Dokumenty i inne potrzebne rzeczy<\/h4>\n\n\n\n<ul><li>orzeczenie lekarskie wydawane przez lekarza medycyny pracy lub aktualna ksi\u0105\u017ceczka Sanepid<\/li><li>dow\u00f3d osobisty lub legitymacja<\/li><li>porozumienie wolontariackie wraz z o\u015bwiadczeniem dot. samodzielnego przyjazdu\/ powrotu i poruszania si\u0119 poza terenem Wioski (osoby niepe\u0142noletnie) <\/li><li>latarka lub tzw. czo\u0142\u00f3wka <\/li><li>telefon + \u0142adowarka <\/li><li>pieni\u0105dze (na wypady do Tarczyna)<\/li><li>w\u0142asne leki (je\u017celi s\u0105 takie potrzebne) najlepiej ze zleceniem od lekarza <\/li><li>krem przeciws\u0142oneczny <\/li><li>preparat na kleszcze i komary <\/li><li>na czas wolny (propozycje)<ul><li>ksi\u0105\u017cki<\/li><li>ulubione gry towarzyskie, karty<\/li><\/ul><ul><li>gitara lub inny instrument<\/li><\/ul><\/li><\/ul>\n<\/div>\n<\/div>\n\n\n\n<div class=\"wp-block-file\"><a href=\"http:\/\/wolontariatbullerbyn.pl\/wp-content\/uploads\/2022\/10\/Ekwipunek-do-pobrania-ze-strony.pdf\">Lista rzeczy na wolontariat w Wiosce Bullerbyn<\/a><a href=\"http:\/\/wolontariatbullerbyn.pl\/wp-content\/uploads\/2022\/10\/Ekwipunek-do-pobrania-ze-strony.pdf\" class=\"wp-block-file__button\" download>Pobierz<\/a><\/div>\n\n\n\n<p><\/p>\n","protected":false},"excerpt":{"rendered":"<p>Do spania poduszka \u015bpiw\u00f3r (ciep\u0142y) koc dres lub ciep\u0142a pi\u017cama Ubrania bielizna kostium t-shirty bluza z d\u0142ugim r\u0119kawem d\u0142ugie spodnie kr\u00f3tkie spodenki przeciws\u0142oneczne okrycie g\u0142owy (kapelusz, czapka z daszkiem) obuwie sportowe sanda\u0142y na deszcz i na wart\u0119 nocn\u0105 w deszczu: kurtka p\u0142aszcz przeciwdeszczowy albo harcerska pa\u0142atka kalosze parasol bardzo ciep\u0142y sweter\/polar a najlepiej 2 aby [&hellip;]<\/p>\n","protected":false},"author":1,"featured_media":0,"parent":0,"menu_order":0,"comment_status":"closed","ping_status":"closed","template":"","meta":{"spay_email":""},"_links":{"self":[{"href":"https:\/\/wolontariatbullerbyn.pl\/index.php?rest_route=\/wp\/v2\/pages\/284"}],"collection":[{"href":"https:\/\/wolontariatbullerbyn.pl\/index.php?rest_route=\/wp\/v2\/pages"}],"about":[{"href":"https:\/\/wolontariatbullerbyn.pl\/index.php?rest_route=\/wp\/v2\/types\/page"}],"author":[{"embeddable":true,"href":"https:\/\/wolontariatbullerbyn.pl\/index.php?rest_route=\/wp\/v2\/users\/1"}],"replies":[{"embeddable":true,"href":"https:\/\/wolontariatbullerbyn.pl\/index.php?rest_route=%2Fwp%2Fv2%2Fcomments&post=284"}],"version-history":[{"count":8,"href":"https:\/\/wolontariatbullerbyn.pl\/index.php?rest_route=\/wp\/v2\/pages\/284\/revisions"}],"predecessor-version":[{"id":577,"href":"https:\/\/wolontariatbullerbyn.pl\/index.php?rest_route=\/wp\/v2\/pages\/284\/revisions\/577"}],"wp:attachment":[{"href":"https:\/\/wolontariatbullerbyn.pl\/index.php?rest_route=%2Fwp%2Fv2%2Fmedia&parent=284"}],"curies":[{"name":"wp","href":"https:\/\/api.w.org\/{rel}","templated":true}]}}