{"id":275,"date":"2019-12-19T18:51:56","date_gmt":"2019-12-19T18:51:56","guid":{"rendered":"http:\/\/wolontariatbullerbyn.pl\/?page_id=275"},"modified":"2025-10-28T10:24:45","modified_gmt":"2025-10-28T10:24:45","slug":"terminy-turnusow","status":"publish","type":"page","link":"https:\/\/wolontariatbullerbyn.pl\/?page_id=275","title":{"rendered":"Terminy turnus\u00f3w"},"content":{"rendered":"\n<p>Wolontariuszy zapraszamy na dwutygodniowy wyjazd. Wyj\u0105tkiem jest ostatni tydzie\u0144 wakacji \u2013 turnus V jest kr\u00f3tszy, trwa od soboty do niedzieli.<\/p>\n\n\n\n<figure class=\"wp-block-table is-style-stripes\"><table class=\"has-subtle-pale-green-background-color has-fixed-layout has-background\"><thead><tr><th class=\"has-text-align-center\" data-align=\"center\">Numer turnusu<\/th><th class=\"has-text-align-center\" data-align=\"center\">Termin<\/th><th class=\"has-text-align-center\" data-align=\"center\">D\u0142ugo\u015b\u0107 turnusu<\/th><\/tr><\/thead><tbody><tr><td class=\"has-text-align-center\" data-align=\"center\">turnus I<\/td><td class=\"has-text-align-center\" data-align=\"center\">27.06 \u2013 11.07.2026<\/td><td class=\"has-text-align-center\" data-align=\"center\">turnus dwutygodniowy<\/td><\/tr><tr><td class=\"has-text-align-center\" data-align=\"center\">turnus II<\/td><td class=\"has-text-align-center\" data-align=\"center\">11.07 \u2013 25.07.2026<\/td><td class=\"has-text-align-center\" data-align=\"center\">turnus dwutygodniowy <\/td><\/tr><tr><td class=\"has-text-align-center\" data-align=\"center\">turnus III<\/td><td class=\"has-text-align-center\" data-align=\"center\">25.07 \u2013 08.08.2026<\/td><td class=\"has-text-align-center\" data-align=\"center\">turnus dwutygodniowy <\/td><\/tr><tr><td class=\"has-text-align-center\" data-align=\"center\">turnus IV <\/td><td class=\"has-text-align-center\" data-align=\"center\">08.08 \u2013 22.08.2026<\/td><td class=\"has-text-align-center\" data-align=\"center\">turnus dwutygodniowy <\/td><\/tr><tr><td class=\"has-text-align-center\" data-align=\"center\">turnus V<\/td><td class=\"has-text-align-center\" data-align=\"center\">22.08 \u2013 30.08.2026<\/td><td class=\"has-text-align-center\" data-align=\"center\">turnus tygodniowy<\/td><\/tr><\/tbody><\/table><\/figure>\n\n\n\n<p class=\"has-text-align-center\"><strong>Wiesz ju\u017c w kt\u00f3rym terminie chcesz jecha\u0107? Przeczytaj kogo szukamy i jak si\u0119 zg\u0142osi\u0107!<\/strong><\/p>\n\n\n\n<div class=\"wp-block-button alignright\"><a class=\"wp-block-button__link has-white-color has-text-color has-background\" href=\"http:\/\/wolontariatbullerbyn.pl\/?page_id=49\" style=\"border-radius:13px;background-color:#06bb52\">Zg\u0142oszenia<\/a><\/div>\n\n\n\n<p><\/p>\n","protected":false},"excerpt":{"rendered":"<p>Wolontariuszy zapraszamy na dwutygodniowy wyjazd. Wyj\u0105tkiem jest ostatni tydzie\u0144 wakacji \u2013 turnus V jest kr\u00f3tszy, trwa od soboty do niedzieli. Wiesz ju\u017c w kt\u00f3rym terminie chcesz jecha\u0107? Przeczytaj kogo szukamy i jak si\u0119 zg\u0142osi\u0107!<\/p>\n","protected":false},"author":1,"featured_media":0,"parent":0,"menu_order":0,"comment_status":"closed","ping_status":"closed","template":"","meta":{"spay_email":""},"_links":{"self":[{"href":"https:\/\/wolontariatbullerbyn.pl\/index.php?rest_route=\/wp\/v2\/pages\/275"}],"collection":[{"href":"https:\/\/wolontariatbullerbyn.pl\/index.php?rest_route=\/wp\/v2\/pages"}],"about":[{"href":"https:\/\/wolontariatbullerbyn.pl\/index.php?rest_route=\/wp\/v2\/types\/page"}],"author":[{"embeddable":true,"href":"https:\/\/wolontariatbullerbyn.pl\/index.php?rest_route=\/wp\/v2\/users\/1"}],"replies":[{"embeddable":true,"href":"https:\/\/wolontariatbullerbyn.pl\/index.php?rest_route=%2Fwp%2Fv2%2Fcomments&post=275"}],"version-history":[{"count":27,"href":"https:\/\/wolontariatbullerbyn.pl\/index.php?rest_route=\/wp\/v2\/pages\/275\/revisions"}],"predecessor-version":[{"id":763,"href":"https:\/\/wolontariatbullerbyn.pl\/index.php?rest_route=\/wp\/v2\/pages\/275\/revisions\/763"}],"wp:attachment":[{"href":"https:\/\/wolontariatbullerbyn.pl\/index.php?rest_route=%2Fwp%2Fv2%2Fmedia&parent=275"}],"curies":[{"name":"wp","href":"https:\/\/api.w.org\/{rel}","templated":true}]}}