{"id":27,"date":"2019-12-13T14:39:39","date_gmt":"2019-12-13T14:39:39","guid":{"rendered":"http:\/\/wolontariatbullerbyn.pl\/?page_id=27"},"modified":"2026-02-20T10:28:56","modified_gmt":"2026-02-20T10:28:56","slug":"dokumenty","status":"publish","type":"page","link":"https:\/\/wolontariatbullerbyn.pl\/?page_id=27","title":{"rendered":"Dokumenty"},"content":{"rendered":"\n<div style=\"height:30px\" aria-hidden=\"true\" class=\"wp-block-spacer\"><\/div>\n\n\n\n<div class=\"wp-block-group\"><div class=\"wp-block-group__inner-container\">\n<h3>Regulamin projektu<\/h3>\n\n\n\n<div class=\"wp-block-file\"><a href=\"http:\/\/wolontariatbullerbyn.pl\/wp-content\/uploads\/2024\/10\/REGULAMIN-WOLONTARIATU-W-PROJEKCIE-WIOSKA-BULLERBYN.pdf\">Regulamin wolontariatu<\/a><a href=\"http:\/\/wolontariatbullerbyn.pl\/wp-content\/uploads\/2024\/10\/REGULAMIN-WOLONTARIATU-W-PROJEKCIE-WIOSKA-BULLERBYN.pdf\" class=\"wp-block-file__button\" download>Pobierz<\/a><\/div>\n<\/div><\/div>\n\n\n\n<div style=\"height:30px\" aria-hidden=\"true\" class=\"wp-block-spacer\"><\/div>\n\n\n\n<div class=\"wp-block-group\"><div class=\"wp-block-group__inner-container\">\n<h3>Porozumienie wolontariackie<\/h3>\n\n\n\n<p>Z ka\u017cdym wolontariuszem podpisujemy porozumienie, &nbsp;kt\u00f3re okre\u015bla warunki, przedmiot i zakres naszej wsp\u00f3\u0142pracy.  Dodatkowo prosimy o podpisanie porozumienia przez rodzic\u00f3w os\u00f3b niepe\u0142noletnich.<\/p>\n\n\n\n<div class=\"wp-block-file\"><a href=\"http:\/\/wolontariatbullerbyn.pl\/wp-content\/uploads\/2025\/10\/Porozumienie-o-wspolpracy-wolontariat-WB26.pdf\" target=\"_blank\" rel=\"noreferrer noopener\">Porozumienie o wsp\u00f3\u0142pracy &#8211; Wolontariat w Wiosce Bullerbyn<\/a><a href=\"http:\/\/wolontariatbullerbyn.pl\/wp-content\/uploads\/2025\/10\/Porozumienie-o-wspolpracy-wolontariat-WB26.pdf\" class=\"wp-block-file__button\" download=\"\">Pobierz<\/a><\/div>\n<\/div><\/div>\n\n\n\n<div class=\"wp-block-group\"><div class=\"wp-block-group__inner-container\">\n<div style=\"height:30px\" aria-hidden=\"true\" class=\"wp-block-spacer\"><\/div>\n\n\n\n<h3>Karta Informacyjna &#8211; dotyczy tylko os\u00f3b niepe\u0142noletnich<\/h3>\n\n\n\n<p>Prosimy o wype\u0142nienie i podpisanie przez rodzica wolontariusza niepe\u0142noletniego.<\/p>\n\n\n\n<div class=\"wp-block-file\"><a href=\"http:\/\/wolontariatbullerbyn.pl\/wp-content\/uploads\/2025\/10\/Karta-informacyjna.pdf\">Karta informacyjna<\/a><a href=\"http:\/\/wolontariatbullerbyn.pl\/wp-content\/uploads\/2025\/10\/Karta-informacyjna.pdf\" class=\"wp-block-file__button\" download=\"\">Pobierz<\/a><\/div>\n\n\n\n<h3>Orzeczenie lekarza medycyny pracy<\/h3>\n\n\n\n<p>Wszystkie osoby maj\u0105ce na obozie kontakt z&nbsp;\u017cywno\u015bci\u0105, &nbsp;czyli te zapisane do zespo\u0142u kwatermistrzowskiego, powinny mie\u0107&nbsp;<strong>orzeczenie lekarskie<\/strong>&nbsp;<strong>potwierdzaj\u0105ce stan zdrowia<\/strong>.   Takie orzeczenie mo\u017ce Ci&nbsp;si\u0119&nbsp;przyda\u0107, je\u017celi w przysz\u0142o\u015bci&nbsp;b\u0119dziesz&nbsp;chcie\u0107&nbsp;pracowa\u0107 np.: w&nbsp;gastronomii&nbsp;lub jako wychowawca na kolonii.  <br><br>Co zrobi\u0107 aby otrzyma\u0107 orzeczenie? Poni\u017cej jest opisana procedura krok po kroku. Nie zwlekaj &#8211;  ca\u0142a procedura  trwa \u0142\u0105cznie ok. 2 &#8211; 4 tygodni.  <\/p>\n\n\n\n<ol><li><strong>Badanie na nosicielstwo&nbsp;&#8211; wykonasz je w stacji Sanepid<\/strong><ul><li>odbierz z Sanepidu specjalne pojemniki<\/li><li>przez 3 dni zbieraj do nich pr\u00f3bki ka\u0142u<\/li><li>op\u0142a\u0107 badanie i  popro\u015b o faktur\u0119 na Fundacj\u0119 <\/li><\/ul><ul><li>oddaj pojemniki w Sanepidzie<\/li><li>odbierz wyniki (zazwyczaj po kilku dniach)<\/li><\/ul><\/li><li><strong>Z wynikami udaj si\u0119 do lekarza medycyny pracy, kt\u00f3ry wystawi orzeczenie.<\/strong>&nbsp;&nbsp;<\/li><\/ol>\n\n\n\n<h3>Badanie na nosicielstwo <\/h3>\n\n\n\n<p class=\"has-text-align-left\">Poni\u017cej  znajdziesz zlecenie badania na nosicielstwo w Wojew\u00f3dzkiej Stacji w Warszawie. <a href=\"https:\/\/www.gov.pl\/web\/psse-warszawa\/badania-na-nosicielstwo\">Tutaj<\/a> wi\u0119cej informacji. Je\u017celi nie mieszkasz w Warszawie, to sprawd\u017a, jak procedura wygl\u0105da w Twoim mie\u015bcie.<\/p>\n\n\n\n<div class=\"wp-block-file\"><a href=\"https:\/\/www.gov.pl\/attachment\/ea6af223-c961-4e2d-9ab1-004f84cb681f\">Zlecenie badania<\/a><a href=\"https:\/\/www.gov.pl\/attachment\/ea6af223-c961-4e2d-9ab1-004f84cb681f\" class=\"wp-block-file__button\" download=\"\"><span class=\"has-inline-color has-white-color\">Pobierz<\/span><\/a><\/div>\n\n\n\n<p class=\"has-text-align-left\">Je\u017celi masz\u00a0\u201eksi\u0105\u017ceczka sanepidowsk\u0105\u201d \u2013 to b\u0119dzie ona honorowana, pod warunkiem, \u017ce jest\u00a0<strong>aktualna.<\/strong> Sprawd\u017a czy jest jeszcze wa\u017cna! Je\u017celi nie, to wystarczy wizyta u lekarza medycyny pracy.<br><br><strong>Uwaga &#8211; badanie w Sanepidzie w Warszawie kosztuje 258 z\u0142. Ale je\u017celi przyjedziesz na wolontariat na ca\u0142y turnus oraz poprosisz w sanepidzie o faktur\u0119 (wystawion\u0105 na Fundacj\u0119, dane do faktury w zak\u0142adce &#8222;kontakt&#8221;) to dofinansujemy badania.\u00a0<\/strong><\/p>\n\n\n\n<h3>Za\u015bwiadczenie o niekaralno\u015bci<\/h3>\n\n\n\n<p class=\"has-text-align-left\">Mo\u017cna je uzyska\u0107 z wybranego punktu informacyjnego Krajowego Rejestru Karnego lub <a href=\"https:\/\/www.gov.pl\/web\/gov\/uzyskaj-zaswiadczenie-z-krajowego-rejestru-karnego\">online<\/a>. Jego koszt to 20 z\u0142. W przypadku os\u00f3b niepe\u0142noletnich, o za\u015bwiadczenie musi ubiega\u0107 si\u0119 rodzic\/opiekun.<\/p>\n\n\n\n<h3>Polityka Ochrony Dzieci<\/h3>\n\n\n\n<p class=\"has-text-align-left\">Koniecznie zapoznaj si\u0119 z ni\u0105 przed przyjazdem do Wioski Bullerbyn. Link jest <a href=\"https:\/\/bullerbyn.org.pl\/polityka-ochrony-dzieci\/\" target=\"_blank\" rel=\"noreferrer noopener\">tutaj<\/a>.<\/p>\n<\/div><\/div>\n","protected":false},"excerpt":{"rendered":"","protected":false},"author":1,"featured_media":0,"parent":0,"menu_order":0,"comment_status":"closed","ping_status":"closed","template":"","meta":{"spay_email":""},"_links":{"self":[{"href":"https:\/\/wolontariatbullerbyn.pl\/index.php?rest_route=\/wp\/v2\/pages\/27"}],"collection":[{"href":"https:\/\/wolontariatbullerbyn.pl\/index.php?rest_route=\/wp\/v2\/pages"}],"about":[{"href":"https:\/\/wolontariatbullerbyn.pl\/index.php?rest_route=\/wp\/v2\/types\/page"}],"author":[{"embeddable":true,"href":"https:\/\/wolontariatbullerbyn.pl\/index.php?rest_route=\/wp\/v2\/users\/1"}],"replies":[{"embeddable":true,"href":"https:\/\/wolontariatbullerbyn.pl\/index.php?rest_route=%2Fwp%2Fv2%2Fcomments&post=27"}],"version-history":[{"count":48,"href":"https:\/\/wolontariatbullerbyn.pl\/index.php?rest_route=\/wp\/v2\/pages\/27\/revisions"}],"predecessor-version":[{"id":786,"href":"https:\/\/wolontariatbullerbyn.pl\/index.php?rest_route=\/wp\/v2\/pages\/27\/revisions\/786"}],"wp:attachment":[{"href":"https:\/\/wolontariatbullerbyn.pl\/index.php?rest_route=%2Fwp%2Fv2%2Fmedia&parent=27"}],"curies":[{"name":"wp","href":"https:\/\/api.w.org\/{rel}","templated":true}]}}