{"id":2,"date":"2019-12-13T13:21:49","date_gmt":"2019-12-13T13:21:49","guid":{"rendered":"http:\/\/wolontariatbullerbyn.pl\/?page_id=2"},"modified":"2025-10-28T09:53:19","modified_gmt":"2025-10-28T09:53:19","slug":"sample-page","status":"publish","type":"page","link":"https:\/\/wolontariatbullerbyn.pl\/?page_id=2","title":{"rendered":"Szkolenia przedwyjazdowe"},"content":{"rendered":"\n<p>Wolontariuszy, kt\u00f3rzy dopiero zaczynaj\u0105 swoj\u0105 przygod\u0119 z wolontariatem w Bullerbyn, w czerwcu zapraszamy na zjazd szkoleniowy  oraz szkolenie o fotografii reporta\u017cowej.<br>Szkolenia odbywaj\u0105 si\u0119 w Warszawie i w \u015awi\u0119tochowie ko\u0142o Tarczyna &#8211; czyli tam, gdzie w czasie wakacji b\u0119dzie si\u0119 odbywa\u0107 Wioska Bullerbyn. <br>Podczas zjazdu szkoleniowego w \u015awi\u0119tochowie zapewniamy zakwaterowanie w namiotach i wy\u017cywienie.<\/p>\n\n\n\n<div style=\"height:30px\" aria-hidden=\"true\" class=\"wp-block-spacer\"><\/div>\n\n\n\n<h2>Terminy i tematy szkole\u0144 zostan\u0105 podane p\u00f3\u017aniej, ale poni\u017cej mo\u017cesz zobaczy\u0107, jak to wygl\u0105da\u0142o w roku 2025<\/h2>\n\n\n\n<figure class=\"wp-block-table is-style-stripes\"><table class=\"has-subtle-pale-green-background-color has-fixed-layout has-background\"><thead><tr><th class=\"has-text-align-center\" data-align=\"center\">Termin szkolenia<\/th><th class=\"has-text-align-center\" data-align=\"center\">Tytu\u0142  szkolenia<\/th><th class=\"has-text-align-center\" data-align=\"center\">Prowadz\u0105cy<\/th><th class=\"has-text-align-center\" data-align=\"center\">Miejsce<\/th><\/tr><\/thead><tbody><tr><td class=\"has-text-align-center\" data-align=\"center\">14-15 czerwca 2025 <\/td><td class=\"has-text-align-center\" data-align=\"center\">1. Poznajmy si\u0119! Integracja grupy.  <br><br>2. Fundacja Bullerbyn &#8211; misja, warto\u015bci, sztandarowe projekty.<br><br>3. By\u0107 wolontariuszem &#8211; co to znaczy? Czym zajmuje si\u0119 Mistrz a czym Plasterek? &#8211; czyli kto jest kim w Wiosce Bullerbyn?<br><br>4. Co to jest b\u0142ociarnia i gdzie jest hamakownia? &#8211; czyli poznajemy Wiosk\u0119 Bullerbyn i okolic\u0119.<br><br>5. Pierwsza pomoc przedmedyczna i przeciwpo\u017carowa<\/td><td class=\"has-text-align-center\" data-align=\"center\">informacje wkr\u00f3tce<\/td><td class=\"has-text-align-center\" data-align=\"center\">\u015awi\u0119toch\u00f3w<\/td><\/tr><tr><td class=\"has-text-align-center\" data-align=\"center\">dla wolontariuszy &#8211; fotograf\u00f3w<\/td><td class=\"has-text-align-center\" data-align=\"center\">Fotografia reporta\u017cowa <\/td><td class=\"has-text-align-center\" data-align=\"center\">Tomasz G\u00f3recki<\/td><td class=\"has-text-align-center\" data-align=\"center\"><\/td><\/tr><\/tbody><\/table><\/figure>\n\n\n\n<div style=\"height:30px\" aria-hidden=\"true\" class=\"wp-block-spacer\"><\/div>\n\n\n\n<h2>Zobacz jak by\u0142o wcze\u015bniej<\/h2>\n\n\n\n<figure class=\"wp-block-gallery columns-3 is-cropped\"><ul class=\"blocks-gallery-grid\"><li class=\"blocks-gallery-item\"><figure><img loading=\"lazy\" width=\"1024\" height=\"576\" src=\"http:\/\/wolontariatbullerbyn.pl\/wp-content\/uploads\/2019\/12\/20170603_165536_Easy-Resize.com_-1024x576.jpg\" alt=\"\" data-id=\"199\" data-full-url=\"http:\/\/wolontariatbullerbyn.pl\/wp-content\/uploads\/2019\/12\/20170603_165536_Easy-Resize.com_.jpg\" data-link=\"http:\/\/wolontariatbullerbyn.pl\/?attachment_id=199\" class=\"wp-image-199\" srcset=\"https:\/\/wolontariatbullerbyn.pl\/wp-content\/uploads\/2019\/12\/20170603_165536_Easy-Resize.com_-1024x576.jpg 1024w, https:\/\/wolontariatbullerbyn.pl\/wp-content\/uploads\/2019\/12\/20170603_165536_Easy-Resize.com_-300x169.jpg 300w, https:\/\/wolontariatbullerbyn.pl\/wp-content\/uploads\/2019\/12\/20170603_165536_Easy-Resize.com_-768x432.jpg 768w, https:\/\/wolontariatbullerbyn.pl\/wp-content\/uploads\/2019\/12\/20170603_165536_Easy-Resize.com_.jpg 1280w\" sizes=\"(max-width: 1024px) 100vw, 1024px\" \/><\/figure><\/li><li class=\"blocks-gallery-item\"><figure><img loading=\"lazy\" width=\"1024\" height=\"576\" src=\"http:\/\/wolontariatbullerbyn.pl\/wp-content\/uploads\/2019\/12\/20170603_123346_Easy-Resize.com_-1024x576.jpg\" alt=\"\" data-id=\"198\" data-full-url=\"http:\/\/wolontariatbullerbyn.pl\/wp-content\/uploads\/2019\/12\/20170603_123346_Easy-Resize.com_-e1576672277537.jpg\" data-link=\"http:\/\/wolontariatbullerbyn.pl\/?attachment_id=198\" class=\"wp-image-198\"\/><\/figure><\/li><li class=\"blocks-gallery-item\"><figure><img loading=\"lazy\" width=\"1024\" height=\"576\" src=\"http:\/\/wolontariatbullerbyn.pl\/wp-content\/uploads\/2019\/12\/20170603_123412_Easy-Resize.com_-1024x576.jpg\" alt=\"\" data-id=\"197\" data-full-url=\"http:\/\/wolontariatbullerbyn.pl\/wp-content\/uploads\/2019\/12\/20170603_123412_Easy-Resize.com_.jpg\" data-link=\"http:\/\/wolontariatbullerbyn.pl\/?attachment_id=197\" class=\"wp-image-197\" srcset=\"https:\/\/wolontariatbullerbyn.pl\/wp-content\/uploads\/2019\/12\/20170603_123412_Easy-Resize.com_-1024x576.jpg 1024w, https:\/\/wolontariatbullerbyn.pl\/wp-content\/uploads\/2019\/12\/20170603_123412_Easy-Resize.com_-300x169.jpg 300w, https:\/\/wolontariatbullerbyn.pl\/wp-content\/uploads\/2019\/12\/20170603_123412_Easy-Resize.com_-768x432.jpg 768w, https:\/\/wolontariatbullerbyn.pl\/wp-content\/uploads\/2019\/12\/20170603_123412_Easy-Resize.com_.jpg 1280w\" sizes=\"(max-width: 1024px) 100vw, 1024px\" \/><\/figure><\/li><li class=\"blocks-gallery-item\"><figure><img loading=\"lazy\" width=\"1024\" height=\"793\" src=\"http:\/\/wolontariatbullerbyn.pl\/wp-content\/uploads\/2019\/12\/20180616_105828-scaled-e1576672297174-1024x793.jpg\" alt=\"\" data-id=\"194\" data-full-url=\"http:\/\/wolontariatbullerbyn.pl\/wp-content\/uploads\/2019\/12\/20180616_105828-scaled-e1576672297174.jpg\" data-link=\"http:\/\/wolontariatbullerbyn.pl\/?attachment_id=194\" class=\"wp-image-194\" srcset=\"https:\/\/wolontariatbullerbyn.pl\/wp-content\/uploads\/2019\/12\/20180616_105828-scaled-e1576672297174-1024x793.jpg 1024w, https:\/\/wolontariatbullerbyn.pl\/wp-content\/uploads\/2019\/12\/20180616_105828-scaled-e1576672297174-300x232.jpg 300w, https:\/\/wolontariatbullerbyn.pl\/wp-content\/uploads\/2019\/12\/20180616_105828-scaled-e1576672297174-768x595.jpg 768w, https:\/\/wolontariatbullerbyn.pl\/wp-content\/uploads\/2019\/12\/20180616_105828-scaled-e1576672297174-1536x1190.jpg 1536w, https:\/\/wolontariatbullerbyn.pl\/wp-content\/uploads\/2019\/12\/20180616_105828-scaled-e1576672297174-2048x1587.jpg 2048w\" sizes=\"(max-width: 1024px) 100vw, 1024px\" \/><\/figure><\/li><li class=\"blocks-gallery-item\"><figure><img loading=\"lazy\" width=\"884\" height=\"956\" src=\"http:\/\/wolontariatbullerbyn.pl\/wp-content\/uploads\/2019\/12\/wolontariusze-pierwsza-pomoc.jpg\" alt=\"\" data-id=\"192\" data-full-url=\"http:\/\/wolontariatbullerbyn.pl\/wp-content\/uploads\/2019\/12\/wolontariusze-pierwsza-pomoc.jpg\" data-link=\"http:\/\/wolontariatbullerbyn.pl\/?attachment_id=192\" class=\"wp-image-192\" srcset=\"https:\/\/wolontariatbullerbyn.pl\/wp-content\/uploads\/2019\/12\/wolontariusze-pierwsza-pomoc.jpg 884w, https:\/\/wolontariatbullerbyn.pl\/wp-content\/uploads\/2019\/12\/wolontariusze-pierwsza-pomoc-277x300.jpg 277w, https:\/\/wolontariatbullerbyn.pl\/wp-content\/uploads\/2019\/12\/wolontariusze-pierwsza-pomoc-768x831.jpg 768w\" sizes=\"(max-width: 884px) 100vw, 884px\" \/><\/figure><\/li><li class=\"blocks-gallery-item\"><figure><img loading=\"lazy\" width=\"1024\" height=\"576\" src=\"http:\/\/wolontariatbullerbyn.pl\/wp-content\/uploads\/2019\/12\/20170603_163754_Easy-Resize.com_-1024x576.jpg\" alt=\"\" data-id=\"200\" data-full-url=\"http:\/\/wolontariatbullerbyn.pl\/wp-content\/uploads\/2019\/12\/20170603_163754_Easy-Resize.com_.jpg\" data-link=\"http:\/\/wolontariatbullerbyn.pl\/?attachment_id=200\" class=\"wp-image-200\" srcset=\"https:\/\/wolontariatbullerbyn.pl\/wp-content\/uploads\/2019\/12\/20170603_163754_Easy-Resize.com_-1024x576.jpg 1024w, https:\/\/wolontariatbullerbyn.pl\/wp-content\/uploads\/2019\/12\/20170603_163754_Easy-Resize.com_-300x169.jpg 300w, https:\/\/wolontariatbullerbyn.pl\/wp-content\/uploads\/2019\/12\/20170603_163754_Easy-Resize.com_-768x432.jpg 768w, https:\/\/wolontariatbullerbyn.pl\/wp-content\/uploads\/2019\/12\/20170603_163754_Easy-Resize.com_.jpg 1280w\" sizes=\"(max-width: 1024px) 100vw, 1024px\" \/><\/figure><\/li><\/ul><\/figure>\n","protected":false},"excerpt":{"rendered":"<p>Wolontariuszy, kt\u00f3rzy dopiero zaczynaj\u0105 swoj\u0105 przygod\u0119 z wolontariatem w Bullerbyn, w czerwcu zapraszamy na zjazd szkoleniowy oraz szkolenie o fotografii reporta\u017cowej.Szkolenia odbywaj\u0105 si\u0119 w Warszawie i w \u015awi\u0119tochowie ko\u0142o Tarczyna &#8211; czyli tam, gdzie w czasie wakacji b\u0119dzie si\u0119 odbywa\u0107 Wioska Bullerbyn. Podczas zjazdu szkoleniowego w \u015awi\u0119tochowie zapewniamy zakwaterowanie w namiotach i wy\u017cywienie. Terminy i [&hellip;]<\/p>\n","protected":false},"author":1,"featured_media":0,"parent":0,"menu_order":0,"comment_status":"closed","ping_status":"open","template":"","meta":{"spay_email":""},"_links":{"self":[{"href":"https:\/\/wolontariatbullerbyn.pl\/index.php?rest_route=\/wp\/v2\/pages\/2"}],"collection":[{"href":"https:\/\/wolontariatbullerbyn.pl\/index.php?rest_route=\/wp\/v2\/pages"}],"about":[{"href":"https:\/\/wolontariatbullerbyn.pl\/index.php?rest_route=\/wp\/v2\/types\/page"}],"author":[{"embeddable":true,"href":"https:\/\/wolontariatbullerbyn.pl\/index.php?rest_route=\/wp\/v2\/users\/1"}],"replies":[{"embeddable":true,"href":"https:\/\/wolontariatbullerbyn.pl\/index.php?rest_route=%2Fwp%2Fv2%2Fcomments&post=2"}],"version-history":[{"count":47,"href":"https:\/\/wolontariatbullerbyn.pl\/index.php?rest_route=\/wp\/v2\/pages\/2\/revisions"}],"predecessor-version":[{"id":761,"href":"https:\/\/wolontariatbullerbyn.pl\/index.php?rest_route=\/wp\/v2\/pages\/2\/revisions\/761"}],"wp:attachment":[{"href":"https:\/\/wolontariatbullerbyn.pl\/index.php?rest_route=%2Fwp%2Fv2%2Fmedia&parent=2"}],"curies":[{"name":"wp","href":"https:\/\/api.w.org\/{rel}","templated":true}]}}