{"id":13,"date":"2019-12-13T13:48:36","date_gmt":"2019-12-13T13:48:36","guid":{"rendered":"http:\/\/wolontariatbullerbyn.pl\/?page_id=13"},"modified":"2025-10-28T11:59:54","modified_gmt":"2025-10-28T11:59:54","slug":"o-wolontariacie","status":"publish","type":"page","link":"https:\/\/wolontariatbullerbyn.pl\/","title":{"rendered":""},"content":{"rendered":"\n<div class=\"wp-block-columns\">\n<div class=\"wp-block-column\" style=\"flex-basis:18%\">\n<figure class=\"wp-block-image size-thumbnail is-resized\"><img loading=\"lazy\" src=\"http:\/\/wolontariatbullerbyn.pl\/wp-content\/uploads\/2020\/01\/FB-logo-w-kole-1-150x150.jpg\" alt=\"\" class=\"wp-image-475\" width=\"160\" height=\"160\" srcset=\"https:\/\/wolontariatbullerbyn.pl\/wp-content\/uploads\/2020\/01\/FB-logo-w-kole-1-150x150.jpg 150w, https:\/\/wolontariatbullerbyn.pl\/wp-content\/uploads\/2020\/01\/FB-logo-w-kole-1-300x300.jpg 300w, https:\/\/wolontariatbullerbyn.pl\/wp-content\/uploads\/2020\/01\/FB-logo-w-kole-1-1024x1024.jpg 1024w, https:\/\/wolontariatbullerbyn.pl\/wp-content\/uploads\/2020\/01\/FB-logo-w-kole-1-768x768.jpg 768w, https:\/\/wolontariatbullerbyn.pl\/wp-content\/uploads\/2020\/01\/FB-logo-w-kole-1.jpg 1299w\" sizes=\"(max-width: 160px) 100vw, 160px\" \/><\/figure>\n<\/div>\n\n\n\n<div class=\"wp-block-column\" style=\"flex-basis:82%\">\n<div style=\"height:20px\" aria-hidden=\"true\" class=\"wp-block-spacer\"><\/div>\n\n\n\n<h1 class=\"has-text-align-center\"><strong>Wolontariat w Wiosce Bullerbyn<\/strong><\/h1>\n\n\n\n<div style=\"height:20px\" aria-hidden=\"true\" class=\"wp-block-spacer\"><\/div>\n\n\n\n<h4 class=\"has-text-align-center\">Projekt Fundacji Bullerbyn na rzecz wsp\u00f3lnoty dzieci i doros\u0142ych<\/h4>\n<\/div>\n<\/div>\n\n\n\n<div class=\"wp-block-cover alignfull has-very-dark-gray-background-color has-background-dim\" style=\"background-image:url(http:\/\/wolontariatbullerbyn.pl\/wp-content\/uploads\/2019\/12\/K94B2805-kopia.jpg);min-height:100px\"><div class=\"wp-block-cover__inner-container\">\n<p class=\"has-text-align-left has-medium-font-size\"><strong>Je\u015bli masz 16 lat lub wi\u0119cej&#8230;<\/strong><br>Je\u015bli <strong>lubisz wyzwania\u2026<\/strong><br><strong>Je\u015bli chcesz si\u0119 rozwija\u0107 i wzi\u0105\u0107 udzia\u0142 w warsztatach\u2026<br>Je\u015bli niestraszne Ci komary, paj\u0105ki i spanie w namiocie\u2026<br>Je\u015bli chcesz sp\u0119dzi\u0107 2 tygodnie wakacji dzia\u0142aj\u0105c dla innych\u2026<\/strong><br><strong>to we\u017a udzia\u0142 w projekcie<\/strong><br><strong> Wolontariat w Wiosce Bullerbyn!<\/strong><\/p>\n<\/div><\/div>\n\n\n\n<div style=\"height:50px\" aria-hidden=\"true\" class=\"wp-block-spacer\"><\/div>\n\n\n\n<p>Fundacja Bullerbyn, od kilkunastu ju\u017c lat, organizuje kolonie dla dzieci pn. Wioska Bullerbyn.&nbsp;<br>We wsi \u015awi\u0119toch\u00f3w, w\u015br\u00f3d \u0142\u0105k, las\u00f3w i owocowych sad\u00f3w stoj\u0105 india\u0144skie namioty tipi oraz drewniane domki \u201eszwedzkie\u201d, w kt\u00f3rych mieszkaj\u0105 dzieci z wychowawcami. Jest gwarno ale weso\u0142o i baaardzo du\u017co si\u0119 dzieje. <br><br>To tam w\u0142a\u015bnie zapraszamy do wsp\u00f3\u0142pracy wolontariuszy, kt\u00f3rzy b\u0119d\u0105 nas wspiera\u0107 swoj\u0105 prac\u0105, u\u015bmiechem i dobr\u0105 energi\u0105. &nbsp;A w zamian b\u0119d\u0105 mieli okazj\u0119 do poznania nowych przyjaci\u00f3\u0142, sp\u0119dzenia czasu&nbsp;w niezwyk\u0142ej atmosferze \u015bwiata Wioski Bullerbyn, &nbsp;zdobycia do\u015bwiadczenia oraz poznania siebie w r\u00f3\u017cnych sytuacjach.&nbsp;<br>Letni wolontariat b\u0119dzie poprzedzony szkoleniami przygotowuj\u0105cymi do pracy podczas wakacyjnych turnus\u00f3w. <\/p>\n\n\n\n<div class=\"wp-block-columns\">\n<div class=\"wp-block-column\" style=\"flex-basis:66.66%\">\n<div class=\"wp-block-group\"><div class=\"wp-block-group__inner-container\">\n<p class=\"has-background\" style=\"background-color:#effec7\"><strong>Wolontariat w Bullerbyn to:<\/strong><br>&#8211; pakiet szkole\u0144 (przed wakacjami) <br>&#8211; praca w zespole kwatermistrzowskim lub jako fotoreporter<br>&#8211; ca\u0142odzienne wy\u017cywienie, uwzgl\u0119dniaj\u0105ce ewentualne diety <br>&#8211; zakwaterowanie w namiotach<br>&#8211; wsparcie opiekuna wolontariatu podczas wakacyjnych turnus\u00f3w<br>&#8211; ubezpieczenie NNW,<br>&#8211; za\u015bwiadczenie o wolontariacie <\/p>\n<\/div><\/div>\n<\/div>\n\n\n\n<div class=\"wp-block-column\" style=\"flex-basis:33.33%\">\n<p class=\"has-background\" style=\"background-color:#effec7;font-size:20px\"><strong>Terminy turnus\u00f3w<\/strong><br>turnus I \u2013\u00a0 27.06 \u2013 11.07.26<br>turnus II\u00a0 \u2013 11.07 \u2013 25.07.26<br>turnus III\u00a0 \u2013 25.07 \u2013 08.08.26<br>turnus IV\u00a0 \u2013 08.08 \u2013 22.08.26<br>turnus V &#8211; 22.08 \u2013 30.08.26<\/p>\n<\/div>\n<\/div>\n\n\n\n<h3>Zadania wolontariuszy<\/h3>\n\n\n\n<div class=\"wp-block-columns\">\n<div class=\"wp-block-column\">\n<p><strong>Wolontariusz fotograf<\/strong>&nbsp;:<br>dokumentacja fotograficzna codziennego \u017cycia w Wiosce Bullerbyn, selekcja i publikowanie zdj\u0119\u0107 w Internecie (dla rodzic\u00f3w dzieci), fotografowanie rzeczy znalezionych<br><br><strong>Wolontariusz w zespole kwatermistrzowskim:<\/strong><br>wydawanie dzieciom posi\u0142k\u00f3w, dbanie o porz\u0105dek w jadalni i kuchni, zmywanie po posi\u0142kach<\/p>\n<\/div>\n\n\n\n<div class=\"wp-block-column\">\n<p>oraz:<\/p>\n\n\n\n<ul><li>pe\u0142nienie nocnych wart (21:30 &#8211; 01:00), <\/li><li>prace porz\u0105dkowe na terenie kampusu,<\/li><li>kierowanie ruchem na parkingu w dniu przyjazdu rodzic\u00f3w,<\/li><li>pomoc w przenoszeniu walizek dzieci w dniu przyjazdu,<\/li><li>pomoc w organizacji gier terenowych dla dzieci,<\/li><\/ul>\n<\/div>\n<\/div>\n\n\n\n<h3>Zg\u0142oszenia<\/h3>\n\n\n\n<p>Zg\u0142oszenia przyjmujemy przez formularz zg\u0142oszeniowy.   Potem kontaktujemy si\u0119 z wybranymi osobami. <\/p>\n\n\n\n<div class=\"wp-block-buttons is-content-justification-center\">\n<div class=\"wp-block-button\"><a class=\"wp-block-button__link has-white-color has-text-color has-background\" href=\"http:\/\/wolontariatbullerbyn.pl\/?page_id=49\" style=\"border-radius:10px;background-color:#06bb52\" target=\"_blank\" rel=\"noreferrer noopener\">Formularz zg\u0142oszeniowy<\/a><\/div>\n<\/div>\n\n\n\n<div class=\"wp-block-cover alignfull has-cyan-bluish-gray-background-color\" style=\"background-image:url(http:\/\/wolontariatbullerbyn.pl\/wp-content\/uploads\/2019\/12\/tipi.jpg);min-height:610px\"><div class=\"wp-block-cover__inner-container\">\n<div class=\"wp-block-buttons alignfull is-content-justification-center\">\n<div class=\"wp-block-button\"><a class=\"wp-block-button__link\"><\/a><\/div>\n<\/div>\n<\/div><\/div>\n\n\n\n<p><\/p>\n","protected":false},"excerpt":{"rendered":"<p>Wolontariat w Wiosce Bullerbyn Projekt Fundacji Bullerbyn na rzecz wsp\u00f3lnoty dzieci i doros\u0142ych Fundacja Bullerbyn, od kilkunastu ju\u017c lat, organizuje kolonie dla dzieci pn. Wioska Bullerbyn.&nbsp;We wsi \u015awi\u0119toch\u00f3w, w\u015br\u00f3d \u0142\u0105k, las\u00f3w i owocowych sad\u00f3w stoj\u0105 india\u0144skie namioty tipi oraz drewniane domki \u201eszwedzkie\u201d, w kt\u00f3rych mieszkaj\u0105 dzieci z wychowawcami. Jest gwarno ale weso\u0142o i baaardzo du\u017co [&hellip;]<\/p>\n","protected":false},"author":1,"featured_media":0,"parent":0,"menu_order":0,"comment_status":"closed","ping_status":"closed","template":"","meta":{"spay_email":""},"_links":{"self":[{"href":"https:\/\/wolontariatbullerbyn.pl\/index.php?rest_route=\/wp\/v2\/pages\/13"}],"collection":[{"href":"https:\/\/wolontariatbullerbyn.pl\/index.php?rest_route=\/wp\/v2\/pages"}],"about":[{"href":"https:\/\/wolontariatbullerbyn.pl\/index.php?rest_route=\/wp\/v2\/types\/page"}],"author":[{"embeddable":true,"href":"https:\/\/wolontariatbullerbyn.pl\/index.php?rest_route=\/wp\/v2\/users\/1"}],"replies":[{"embeddable":true,"href":"https:\/\/wolontariatbullerbyn.pl\/index.php?rest_route=%2Fwp%2Fv2%2Fcomments&post=13"}],"version-history":[{"count":122,"href":"https:\/\/wolontariatbullerbyn.pl\/index.php?rest_route=\/wp\/v2\/pages\/13\/revisions"}],"predecessor-version":[{"id":765,"href":"https:\/\/wolontariatbullerbyn.pl\/index.php?rest_route=\/wp\/v2\/pages\/13\/revisions\/765"}],"wp:attachment":[{"href":"https:\/\/wolontariatbullerbyn.pl\/index.php?rest_route=%2Fwp%2Fv2%2Fmedia&parent=13"}],"curies":[{"name":"wp","href":"https:\/\/api.w.org\/{rel}","templated":true}]}}